{"id":4578,"date":"2017-12-17T06:31:19","date_gmt":"2017-12-17T06:31:19","guid":{"rendered":"http:\/\/nanoakvaryum.com\/index.php\/home\/"},"modified":"2022-11-11T15:56:12","modified_gmt":"2022-11-11T15:56:12","slug":"anasayfa","status":"publish","type":"page","link":"http:\/\/www.nanoakvaryum.com\/","title":{"rendered":"Anasayfa"},"content":{"rendered":"\t\t<div data-elementor-type=\"wp-page\" data-elementor-id=\"4578\" class=\"elementor elementor-4578\">\n\t\t\t\t\t\t\t\t\t<section class=\"elementor-section elementor-top-section elementor-element elementor-element-f43ff72 elementor-section-boxed elementor-section-height-default elementor-section-height-default\" data-id=\"f43ff72\" data-element_type=\"section\">\n\t\t\t\t\t\t<div class=\"elementor-container elementor-column-gap-default\">\n\t\t\t\t\t<div class=\"elementor-column elementor-col-100 elementor-top-column elementor-element elementor-element-81f7834\" data-id=\"81f7834\" data-element_type=\"column\">\n\t\t\t<div class=\"elementor-widget-wrap elementor-element-populated\">\n\t\t\t\t\t\t\t\t<div class=\"elementor-element elementor-element-40145ea elementor-widget elementor-widget-shortcode\" data-id=\"40145ea\" data-element_type=\"widget\" data-widget_type=\"shortcode.default\">\n\t\t\t\t<div class=\"elementor-widget-container\">\n\t\t\t\t\t<div class=\"elementor-shortcode\"><div id=\"metaslider-id-4968\" style=\"width: 100%;\" class=\"ml-slider-3-27-13 metaslider metaslider-flex metaslider-4968 ml-slider\">\n    <div id=\"metaslider_container_4968\">\n        <div id=\"metaslider_4968\">\n            <ul aria-live=\"polite\" class=\"slides\">\n                <li style=\"display: block; width: 100%;\" class=\"slide-4969 ms-image\"><img loading=\"lazy\" decoding=\"async\" src=\"http:\/\/www.nanoakvaryum.com\/wp-content\/uploads\/2022\/11\/nano-banner1-700x150.jpg\" height=\"150\" width=\"700\" alt=\"\" class=\"slider-4968 slide-4969\" title=\"nano-banner1\" \/><\/li>\n                <li style=\"display: none; width: 100%;\" class=\"slide-4970 ms-image\"><img loading=\"lazy\" decoding=\"async\" src=\"http:\/\/www.nanoakvaryum.com\/wp-content\/uploads\/2022\/11\/nano-banner2-700x150.jpg\" height=\"150\" width=\"700\" alt=\"\" class=\"slider-4968 slide-4970\" title=\"nano-banner2\" \/><\/li>\n                <li style=\"display: none; width: 100%;\" class=\"slide-4971 ms-image\"><img loading=\"lazy\" decoding=\"async\" src=\"http:\/\/www.nanoakvaryum.com\/wp-content\/uploads\/2022\/11\/nano-banner3-700x150.jpg\" height=\"150\" width=\"700\" alt=\"\" class=\"slider-4968 slide-4971\" title=\"nano-banner3\" \/><\/li>\n            <\/ul>\n        <\/div>\n        \n    <\/div>\n<\/div><\/div>\n\t\t\t\t<\/div>\n\t\t\t\t<\/div>\n\t\t\t\t\t<\/div>\n\t\t<\/div>\n\t\t\t\t\t\t\t<\/div>\n\t\t<\/section>\n\t\t\t\t<section class=\"elementor-section elementor-top-section elementor-element elementor-element-cd530f6 elementor-section-boxed elementor-section-height-default elementor-section-height-default\" data-id=\"cd530f6\" data-element_type=\"section\">\n\t\t\t\t\t\t<div class=\"elementor-container elementor-column-gap-default\">\n\t\t\t\t\t<div class=\"elementor-column elementor-col-25 elementor-top-column elementor-element elementor-element-bf5c95d\" data-id=\"bf5c95d\" data-element_type=\"column\">\n\t\t\t<div class=\"elementor-widget-wrap elementor-element-populated\">\n\t\t\t\t\t\t\t\t<div class=\"elementor-element elementor-element-b2687ec elementor-position-top elementor-vertical-align-top elementor-widget elementor-widget-image-box\" data-id=\"b2687ec\" data-element_type=\"widget\" data-widget_type=\"image-box.default\">\n\t\t\t\t<div class=\"elementor-widget-container\">\n\t\t\t<style>\/*! elementor - v3.7.8 - 02-10-2022 *\/\n.elementor-widget-image-box .elementor-image-box-content{width:100%}@media (min-width:768px){.elementor-widget-image-box.elementor-position-left .elementor-image-box-wrapper,.elementor-widget-image-box.elementor-position-right .elementor-image-box-wrapper{display:-webkit-box;display:-ms-flexbox;display:flex}.elementor-widget-image-box.elementor-position-right .elementor-image-box-wrapper{text-align:right;-webkit-box-orient:horizontal;-webkit-box-direction:reverse;-ms-flex-direction:row-reverse;flex-direction:row-reverse}.elementor-widget-image-box.elementor-position-left .elementor-image-box-wrapper{text-align:left;-webkit-box-orient:horizontal;-webkit-box-direction:normal;-ms-flex-direction:row;flex-direction:row}.elementor-widget-image-box.elementor-position-top .elementor-image-box-img{margin:auto}.elementor-widget-image-box.elementor-vertical-align-top .elementor-image-box-wrapper{-webkit-box-align:start;-ms-flex-align:start;align-items:flex-start}.elementor-widget-image-box.elementor-vertical-align-middle .elementor-image-box-wrapper{-webkit-box-align:center;-ms-flex-align:center;align-items:center}.elementor-widget-image-box.elementor-vertical-align-bottom .elementor-image-box-wrapper{-webkit-box-align:end;-ms-flex-align:end;align-items:flex-end}}@media (max-width:767px){.elementor-widget-image-box .elementor-image-box-img{margin-left:auto!important;margin-right:auto!important;margin-bottom:15px}}.elementor-widget-image-box .elementor-image-box-img{display:inline-block}.elementor-widget-image-box .elementor-image-box-title a{color:inherit}.elementor-widget-image-box .elementor-image-box-wrapper{text-align:center}.elementor-widget-image-box .elementor-image-box-description{margin:0}<\/style><div class=\"elementor-image-box-wrapper\"><figure class=\"elementor-image-box-img\"><img loading=\"lazy\" decoding=\"async\" width=\"1200\" height=\"1200\" src=\"http:\/\/www.nanoakvaryum.com\/wp-content\/uploads\/2022\/10\/UNS-glass-aquarium-detail_22237ac5-c451-41e1-851b-bfc586374542.webp\" class=\"attachment-full size-full\" alt=\"\" \/><\/figure><div class=\"elementor-image-box-content\"><h3 class=\"elementor-image-box-title\">Nano Akvaryumlar<\/h3><p class=\"elementor-image-box-description\">Nano Akvaryumlar. Koca d\u00fcnyam\u0131\u0131z\u0131n minimize hallerinin ya\u015fad\u0131\u011f\u0131 akvaryum tarzlar\u0131d\u0131r.<\/p><\/div><\/div>\t\t<\/div>\n\t\t\t\t<\/div>\n\t\t\t\t\t<\/div>\n\t\t<\/div>\n\t\t\t\t<div class=\"elementor-column elementor-col-25 elementor-top-column elementor-element elementor-element-adfbb67\" data-id=\"adfbb67\" data-element_type=\"column\">\n\t\t\t<div class=\"elementor-widget-wrap elementor-element-populated\">\n\t\t\t\t\t\t\t\t<div class=\"elementor-element elementor-element-ed06995 elementor-widget elementor-widget-image\" data-id=\"ed06995\" data-element_type=\"widget\" data-widget_type=\"image.default\">\n\t\t\t\t<div class=\"elementor-widget-container\">\n\t\t\t<style>\/*! elementor - v3.7.8 - 02-10-2022 *\/\n.elementor-widget-image{text-align:center}.elementor-widget-image a{display:inline-block}.elementor-widget-image a img[src$=\".svg\"]{width:48px}.elementor-widget-image img{vertical-align:middle;display:inline-block}<\/style>\t\t\t\t\t\t\t\t\t\t\t\t<img loading=\"lazy\" decoding=\"async\" width=\"1024\" height=\"768\" src=\"http:\/\/www.nanoakvaryum.com\/wp-content\/uploads\/2022\/09\/IMG-20160628-WA0003-1024x768.jpg\" class=\"attachment-large size-large\" alt=\"\" srcset=\"http:\/\/www.nanoakvaryum.com\/wp-content\/uploads\/2022\/09\/IMG-20160628-WA0003-1024x768.jpg 1024w, http:\/\/www.nanoakvaryum.com\/wp-content\/uploads\/2022\/09\/IMG-20160628-WA0003-300x225.jpg 300w, http:\/\/www.nanoakvaryum.com\/wp-content\/uploads\/2022\/09\/IMG-20160628-WA0003-768x576.jpg 768w, http:\/\/www.nanoakvaryum.com\/wp-content\/uploads\/2022\/09\/IMG-20160628-WA0003.jpg 1280w\" sizes=\"auto, (max-width: 1024px) 100vw, 1024px\" \/>\t\t\t\t\t\t\t\t\t\t\t\t\t\t\t<\/div>\n\t\t\t\t<\/div>\n\t\t\t\t\t<\/div>\n\t\t<\/div>\n\t\t\t\t<div class=\"elementor-column elementor-col-25 elementor-top-column elementor-element elementor-element-01d3637\" data-id=\"01d3637\" data-element_type=\"column\">\n\t\t\t<div class=\"elementor-widget-wrap elementor-element-populated\">\n\t\t\t\t\t\t\t\t<div class=\"elementor-element elementor-element-611de14 elementor-widget elementor-widget-image\" data-id=\"611de14\" data-element_type=\"widget\" data-widget_type=\"image.default\">\n\t\t\t\t<div class=\"elementor-widget-container\">\n\t\t\t\t\t\t\t\t\t\t\t\t\t\t\t<img loading=\"lazy\" decoding=\"async\" width=\"466\" height=\"373\" src=\"http:\/\/www.nanoakvaryum.com\/wp-content\/uploads\/2022\/10\/71tx87VbYOL._AC_SX466_-1.jpg\" class=\"attachment-large size-large\" alt=\"\" srcset=\"http:\/\/www.nanoakvaryum.com\/wp-content\/uploads\/2022\/10\/71tx87VbYOL._AC_SX466_-1.jpg 466w, http:\/\/www.nanoakvaryum.com\/wp-content\/uploads\/2022\/10\/71tx87VbYOL._AC_SX466_-1-300x240.jpg 300w\" sizes=\"auto, (max-width: 466px) 100vw, 466px\" \/>\t\t\t\t\t\t\t\t\t\t\t\t\t\t\t<\/div>\n\t\t\t\t<\/div>\n\t\t\t\t\t<\/div>\n\t\t<\/div>\n\t\t\t\t<div class=\"elementor-column elementor-col-25 elementor-top-column elementor-element elementor-element-44a4251\" data-id=\"44a4251\" data-element_type=\"column\">\n\t\t\t<div class=\"elementor-widget-wrap elementor-element-populated\">\n\t\t\t\t\t\t\t\t<div class=\"elementor-element elementor-element-ce7c0df elementor-widget elementor-widget-image\" data-id=\"ce7c0df\" data-element_type=\"widget\" data-widget_type=\"image.default\">\n\t\t\t\t<div class=\"elementor-widget-container\">\n\t\t\t\t\t\t\t\t\t\t\t\t\t\t\t<img loading=\"lazy\" decoding=\"async\" width=\"602\" height=\"857\" src=\"http:\/\/www.nanoakvaryum.com\/wp-content\/uploads\/2022\/11\/aydinlatma.jpg\" class=\"attachment-large size-large\" alt=\"\" srcset=\"http:\/\/www.nanoakvaryum.com\/wp-content\/uploads\/2022\/11\/aydinlatma.jpg 602w, http:\/\/www.nanoakvaryum.com\/wp-content\/uploads\/2022\/11\/aydinlatma-211x300.jpg 211w\" sizes=\"auto, (max-width: 602px) 100vw, 602px\" \/>\t\t\t\t\t\t\t\t\t\t\t\t\t\t\t<\/div>\n\t\t\t\t<\/div>\n\t\t\t\t\t<\/div>\n\t\t<\/div>\n\t\t\t\t\t\t\t<\/div>\n\t\t<\/section>\n\t\t\t\t\t\t\t<\/div>\n\t\t","protected":false},"excerpt":{"rendered":"<p>Nano Akvaryumlar Nano Akvaryumlar. Koca d\u00fcnyam\u0131\u0131z\u0131n minimize hallerinin ya\u015fad\u0131\u011f\u0131 akvaryum tarzlar\u0131d\u0131r.<\/p>\n","protected":false},"author":1,"featured_media":0,"parent":0,"menu_order":0,"comment_status":"closed","ping_status":"closed","template":"","meta":{"site-sidebar-layout":"no-sidebar","site-content-layout":"page-builder","ast-global-header-display":"","ast-main-header-display":"","ast-hfb-above-header-display":"","ast-hfb-below-header-display":"","ast-hfb-mobile-header-display":"","site-post-title":"disabled","ast-breadcrumbs-content":"","ast-featured-img":"disabled","footer-sml-layout":"","theme-transparent-header-meta":"enabled","adv-header-id-meta":"","stick-header-meta":"","header-above-stick-meta":"","header-main-stick-meta":"","header-below-stick-meta":"","footnotes":""},"class_list":["post-4578","page","type-page","status-publish","hentry"],"_links":{"self":[{"href":"http:\/\/www.nanoakvaryum.com\/index.php\/wp-json\/wp\/v2\/pages\/4578","targetHints":{"allow":["GET"]}}],"collection":[{"href":"http:\/\/www.nanoakvaryum.com\/index.php\/wp-json\/wp\/v2\/pages"}],"about":[{"href":"http:\/\/www.nanoakvaryum.com\/index.php\/wp-json\/wp\/v2\/types\/page"}],"author":[{"embeddable":true,"href":"http:\/\/www.nanoakvaryum.com\/index.php\/wp-json\/wp\/v2\/users\/1"}],"replies":[{"embeddable":true,"href":"http:\/\/www.nanoakvaryum.com\/index.php\/wp-json\/wp\/v2\/comments?post=4578"}],"version-history":[{"count":35,"href":"http:\/\/www.nanoakvaryum.com\/index.php\/wp-json\/wp\/v2\/pages\/4578\/revisions"}],"predecessor-version":[{"id":5003,"href":"http:\/\/www.nanoakvaryum.com\/index.php\/wp-json\/wp\/v2\/pages\/4578\/revisions\/5003"}],"wp:attachment":[{"href":"http:\/\/www.nanoakvaryum.com\/index.php\/wp-json\/wp\/v2\/media?parent=4578"}],"curies":[{"name":"wp","href":"https:\/\/api.w.org\/{rel}","templated":true}]}}